{"id":538,"date":"2022-10-17T21:32:58","date_gmt":"2022-10-18T02:32:58","guid":{"rendered":"https:\/\/e-keme.com\/privacy-policy\/"},"modified":"2022-10-18T14:22:37","modified_gmt":"2022-10-18T19:22:37","slug":"privacy-policy","status":"publish","type":"page","link":"https:\/\/e-keme.com\/en\/privacy-policy\/","title":{"rendered":"Privacy Policy"},"content":{"rendered":"\t\t<div data-elementor-type=\"wp-page\" data-elementor-id=\"538\" class=\"elementor elementor-538 elementor-522\" data-elementor-post-type=\"page\">\n\t\t\t\t\t\t<section class=\"elementor-section elementor-top-section elementor-element elementor-element-539f573 elementor-section-boxed elementor-section-height-default elementor-section-height-default\" data-id=\"539f573\" data-element_type=\"section\" data-e-type=\"section\">\n\t\t\t\t\t\t<div class=\"elementor-container elementor-column-gap-default\">\n\t\t\t\t\t<div class=\"elementor-column elementor-col-100 elementor-top-column elementor-element elementor-element-1c1de3f\" data-id=\"1c1de3f\" data-element_type=\"column\" data-e-type=\"column\">\n\t\t\t<div class=\"elementor-widget-wrap elementor-element-populated\">\n\t\t\t\t\t\t<div class=\"elementor-element elementor-element-6616734 txt-color elementor-widget elementor-widget-heading\" data-id=\"6616734\" data-element_type=\"widget\" data-e-type=\"widget\" data-widget_type=\"heading.default\">\n\t\t\t\t<div class=\"elementor-widget-container\">\n\t\t\t\t\t<h2 class=\"elementor-heading-title elementor-size-default\">Privacy Policy<\/h2>\t\t\t\t<\/div>\n\t\t\t\t<\/div>\n\t\t\t\t<div class=\"elementor-element elementor-element-9b3c0f1 elementor-widget elementor-widget-text-editor\" data-id=\"9b3c0f1\" data-element_type=\"widget\" data-e-type=\"widget\" data-widget_type=\"text-editor.default\">\n\t\t\t\t<div class=\"elementor-widget-container\">\n\t\t\t\t\t\t\t\t\t<p><span style=\"font-weight: 400;\">In compliance with the provisions of the Federal Law on the Protection of Personal Data Held by Private Parties, through this privacy policy<\/span><b> E-KEME Servicios y Transformaciones, Sociedad An\u00f3nima de Capital Variable<\/b><span style=\"font-weight: 400;\">, informs the treatment that it will give to your personal data.<\/span><\/p><p><b>Identity and Address of the Responsible.<\/b><\/p><p><b>E-KEME Servicios y Transformaciones, S.A. de C.V.<\/b><span style=\"font-weight: 400;\"> with address at Rep\u00fablica de Argentina, number 177, Sat\u00e9lite, San Luis Potos\u00ed, S.L.P., will be responsible for the personal data it collects from its customers, suppliers or any other person, as well as the use it gives to them and its proper protection.<\/span><\/p><p><b>E-KEME Servicios y Transformaciones, S.A. de C.V. <\/b><span style=\"font-weight: 400;\">has a person responsible for classifying, archiving and protecting\u00a0 personal data and\/or sensitive personal data, as well as responding\u00a0 to the requests for limitation or access , rectification, cancellation or opposition, which is handled\u00a0 Perla Palafox who can be contacted by e-mail at\u00a0 <\/span><a href=\"mailto:perla.palafox@e-keme.com\"><span style=\"font-weight: 400;\">perla.palafox@e-keme.com<\/span><\/a><\/p><p><b>Purposes of Data Processing.<\/b><\/p><p><span style=\"font-weight: 400;\">The purposes of <\/span><b>E-KEME Servicios y Transformaciones S.A de C.V<\/b><span style=\"font-weight: 400;\"> to obtain personal data from its customers, suppliers or any other person are:<\/span><\/p><ol><li style=\"font-weight: 400;\" aria-level=\"1\"><span style=\"font-weight: 400;\">For commercial purposes<\/span><\/li><li style=\"font-weight: 400;\" aria-level=\"1\"><span style=\"font-weight: 400;\">For tax purposes<\/span><\/li><li style=\"font-weight: 400;\" aria-level=\"1\"><span style=\"font-weight: 400;\">For payment processing purposes\u00a0<\/span><\/li><li style=\"font-weight: 400;\" aria-level=\"1\"><span style=\"font-weight: 400;\">For establishing contact in recruitment, selection and\/ or hiring process purposes<\/span><\/li><li style=\"font-weight: 400;\" aria-level=\"1\"><span style=\"font-weight: 400;\">For the purpose of establishing contact in quotation process and\/or contracting services<\/span><\/li><li style=\"font-weight: 400;\" aria-level=\"1\"><span style=\"font-weight: 400;\">For send newsletters or any other notice\u00a0<\/span><\/li><li style=\"font-weight: 400;\" aria-level=\"1\"><span style=\"font-weight: 400;\">For keep track customers and suppliers\u00a0<\/span><\/li><li style=\"font-weight: 400;\" aria-level=\"1\"><span style=\"font-weight: 400;\">For security purposes\u00a0<\/span><\/li><\/ol><p><span style=\"font-weight: 400;\">The personal data mainly collected by <\/span><b>E-KEME Servicios y Transformaciones, S.A. de C.V. <\/b><span style=\"font-weight: 400;\">of the holders are name, address, nationality, place and date of birth, age, marital status, sex, dependents and\/or beneficiaries, company for which they work, tax ID, email, occupation, profession, billing information, data for payment processing and mobile phone.<\/span><\/p><p><span style=\"font-weight: 400;\">Regarding sensitive personal data<\/span><b>, E-KEME Servicios y Transformaciones, S.A. de C.V.<\/b><span style=\"font-weight: 400;\"> will require the express consent of the headline for its treatment, however, any contribution of personal data and\/or sensitive personal data\u00a0 that the headline makes by any means to <\/span><b>E-KEME Servicios y Transformaciones, S.A. de C.V.<\/b><span style=\"font-weight: 400;\"> constitutes the express acceptance of this privacy policy and the processing of personal data.<\/span><\/p><p><span style=\"font-weight: 400;\">It is the headlines responsibility to ensure that the personal data and\/ sensitive personal data provided <\/span><b>to E-KEME Servicios y Transformaciones, S.A. de C.V<\/b><span style=\"font-weight: 400;\">. are truthful and complete, as well as it is your responsibility to communicate any modification to them.<\/span><\/p><p><span style=\"font-weight: 400;\">Personal data and\/or sensitive personal data that headlines voluntarily provide to <\/span><b>E-KEME Servicios y Transformaciones, S.A. de C.V.<\/b><span style=\"font-weight: 400;\"> will be confidential.<\/span><\/p><p><b>Limitation of Use or Disclosure of Data.<\/b><\/p><p><span style=\"font-weight: 400;\">The timing of the use and\/or disclosure of personal data and\/or sensitive personal data of the headline will depend on the validity of the relationship with <\/span><b>E-KEME Servicios y Transformaciones, S.A. de C.V.<\/b><span style=\"font-weight: 400;\"> as well as the obligations required by current legislation and the competent authorities.<\/span><\/p><p><b>E-KEME Servicios y Transformaciones, S.A. de C.V.<\/b><span style=\"font-weight: 400;\"> has established and undertakes to maintain administrative, technical, and physical security measures to protect personal data and\/or sensitive personal data provided to it against any damage, loss, alteration, unauthorized access or treatment.<\/span><\/p><p><span style=\"font-weight: 400;\">In case that the headline requires limiting the use and\/or disclosure of their personal data and\/or sensitive personal data, they must submit a free document that complies with the information and minimum annexes described in article 29 of the Federal Law for the Protection of Personal Data Held by Private Parties, to the email address <\/span><a href=\"mailto:perla.palafox@e-keme.com\"><span style=\"font-weight: 400;\">perla.palafox@e-keme.com<\/span><\/a><span style=\"font-weight: 400;\">.<\/span><\/p><p><b>E-KEME Servicios y Transformaciones, S.A. de C.V<\/b><span style=\"font-weight: 400;\">. will notify the headline of the determination adopted, within a period of 20 calendar days from the date on which the corresponding request was received, so that, if appropriate, it becomes effective within 15 calendar days following the date in which the answer is communicated.<\/span><\/p><p><span style=\"font-weight: 400;\">The terms may be extended only once for an equal period, as long as the circumstances of the case justify it.<\/span><\/p><p><b>Rights of Access, Rectification, Cancellation or Opposition.<\/b><\/p><p><span style=\"font-weight: 400;\">In order to exercise the rights of access, rectification, cancellation or opposition in accordance with the provisions of the Federal Law on Protection of Personal Data Held by Private Parties, the headlines may submit a free document that complies with the information and minimum annexes described in the Article 29 of that Law, to the email address <\/span><a href=\"mailto:perla.palafox@e-keme.com\"><span style=\"font-weight: 400;\">perla.palafox@e-keme.com<\/span><\/a><span style=\"font-weight: 400;\">.\u00a0<\/span><\/p><p><b>E-KEME Services y Transformations, S.A. de C.V.<\/b><span style=\"font-weight: 400;\"> will notify the owner of the determination adopted, within a period of 20 calendar days from the date on which the corresponding request was received, so that, if appropriate, it becomes effective within 15 calendar days following the date in which the answer is communicated.<\/span><\/p><p><span style=\"font-weight: 400;\">The terms may be extended only once for an equal period, if the circumstances of the case justify it.<\/span><\/p><p><b>Data Transfer<\/b><\/p><p><span style=\"font-weight: 400;\">In case that the owner does not inform <\/span><b>E-KEME Servicios y Transformaciones, S.A. de C.V.<\/b><span style=\"font-weight: 400;\"> his opposition to his personal data and \/ or sensitive personal data being transferred, it will be understood that he has given his consent to it.<\/span><\/p><p><span style=\"font-weight: 400;\">If necessary, <\/span><b>E-KEME Servicios y Transformaciones, S.A. de C.V<\/b><span style=\"font-weight: 400;\">. will communicate to third parties to whom it transfers personal data and\/or sensitive personal data this policy and the purposes to which the owner subjected its treatment.<\/span><\/p><p><b>Modifications to the Privacy Policy.<\/b><\/p><p><b>E-KEME Servicios y Transformaciones, S.A. de C.V. <\/b><span style=\"font-weight: 400;\">reserves the right to make changes to this privacy notice.<\/span><\/p><p><span style=\"font-weight: 400;\">Any change to the present will be published on the <\/span><a href=\"http:\/\/www.e-keme.com\"><span style=\"font-weight: 400;\">www.e-keme.com<\/span><\/a><span style=\"font-weight: 400;\">\u00a0 site.<\/span><\/p>\t\t\t\t\t\t\t\t<\/div>\n\t\t\t\t<\/div>\n\t\t\t\t\t<\/div>\n\t\t<\/div>\n\t\t\t\t\t<\/div>\n\t\t<\/section>\n\t\t\t\t<\/div>\n\t\t","protected":false},"excerpt":{"rendered":"<p>Privacy Policy In compliance with the provisions of the Federal Law on the Protection of Personal Data Held by Private Parties, through this privacy policy E-KEME Servicios y Transformaciones, Sociedad An\u00f3nima de Capital Variable, informs the treatment that it will give to your personal data. Identity and Address of the Responsible. E-KEME Servicios y Transformaciones, [&hellip;]<\/p>\n","protected":false},"author":2,"featured_media":0,"parent":0,"menu_order":0,"comment_status":"closed","ping_status":"closed","template":"","meta":{"footnotes":""},"class_list":["post-538","page","type-page","status-publish","hentry"],"yoast_head":"<!-- This site is optimized with the Yoast SEO plugin v27.5 - https:\/\/yoast.com\/product\/yoast-seo-wordpress\/ -->\n<title>Privacy Policy - Ekeme<\/title>\n<meta name=\"robots\" content=\"index, follow, max-snippet:-1, max-image-preview:large, max-video-preview:-1\" \/>\n<link rel=\"canonical\" href=\"https:\/\/e-keme.com\/aviso-de-privacidad\/\" \/>\n<meta property=\"og:locale\" content=\"en_US\" \/>\n<meta property=\"og:type\" content=\"article\" \/>\n<meta property=\"og:title\" content=\"Privacy Policy - Ekeme\" \/>\n<meta property=\"og:description\" content=\"Privacy Policy In compliance with the provisions of the Federal Law on the Protection of Personal Data Held by Private Parties, through this privacy policy E-KEME Servicios y Transformaciones, Sociedad An\u00f3nima de Capital Variable, informs the treatment that it will give to your personal data. Identity and Address of the Responsible. E-KEME Servicios y Transformaciones, [&hellip;]\" \/>\n<meta property=\"og:url\" content=\"https:\/\/e-keme.com\/aviso-de-privacidad\/\" \/>\n<meta property=\"og:site_name\" content=\"Ekeme\" \/>\n<meta property=\"article:modified_time\" content=\"2022-10-18T19:22:37+00:00\" \/>\n<meta name=\"twitter:card\" content=\"summary_large_image\" \/>\n<meta name=\"twitter:label1\" content=\"Est. reading time\" \/>\n\t<meta name=\"twitter:data1\" content=\"4 minutes\" \/>\n<script type=\"application\/ld+json\" class=\"yoast-schema-graph\">{\"@context\":\"https:\\\/\\\/schema.org\",\"@graph\":[{\"@type\":\"WebPage\",\"@id\":\"https:\\\/\\\/e-keme.com\\\/aviso-de-privacidad\\\/\",\"url\":\"https:\\\/\\\/e-keme.com\\\/aviso-de-privacidad\\\/\",\"name\":\"Privacy Policy - Ekeme\",\"isPartOf\":{\"@id\":\"https:\\\/\\\/e-keme.com\\\/#website\"},\"datePublished\":\"2022-10-18T02:32:58+00:00\",\"dateModified\":\"2022-10-18T19:22:37+00:00\",\"breadcrumb\":{\"@id\":\"https:\\\/\\\/e-keme.com\\\/aviso-de-privacidad\\\/#breadcrumb\"},\"inLanguage\":\"en-US\",\"potentialAction\":[{\"@type\":\"ReadAction\",\"target\":[\"https:\\\/\\\/e-keme.com\\\/aviso-de-privacidad\\\/\"]}]},{\"@type\":\"BreadcrumbList\",\"@id\":\"https:\\\/\\\/e-keme.com\\\/aviso-de-privacidad\\\/#breadcrumb\",\"itemListElement\":[{\"@type\":\"ListItem\",\"position\":1,\"name\":\"Portada\",\"item\":\"https:\\\/\\\/e-keme.com\\\/en\\\/\"},{\"@type\":\"ListItem\",\"position\":2,\"name\":\"Privacy Policy\"}]},{\"@type\":\"WebSite\",\"@id\":\"https:\\\/\\\/e-keme.com\\\/#website\",\"url\":\"https:\\\/\\\/e-keme.com\\\/\",\"name\":\"Ekeme\",\"description\":\"Otro sitio realizado con WordPress\",\"publisher\":{\"@id\":\"https:\\\/\\\/e-keme.com\\\/#organization\"},\"potentialAction\":[{\"@type\":\"SearchAction\",\"target\":{\"@type\":\"EntryPoint\",\"urlTemplate\":\"https:\\\/\\\/e-keme.com\\\/?s={search_term_string}\"},\"query-input\":{\"@type\":\"PropertyValueSpecification\",\"valueRequired\":true,\"valueName\":\"search_term_string\"}}],\"inLanguage\":\"en-US\"},{\"@type\":\"Organization\",\"@id\":\"https:\\\/\\\/e-keme.com\\\/#organization\",\"name\":\"Ekeme\",\"url\":\"https:\\\/\\\/e-keme.com\\\/\",\"logo\":{\"@type\":\"ImageObject\",\"inLanguage\":\"en-US\",\"@id\":\"https:\\\/\\\/e-keme.com\\\/#\\\/schema\\\/logo\\\/image\\\/\",\"url\":\"https:\\\/\\\/e-keme.com\\\/wp-content\\\/uploads\\\/2019\\\/09\\\/logo-ekeme.png\",\"contentUrl\":\"https:\\\/\\\/e-keme.com\\\/wp-content\\\/uploads\\\/2019\\\/09\\\/logo-ekeme.png\",\"width\":1000,\"height\":256,\"caption\":\"Ekeme\"},\"image\":{\"@id\":\"https:\\\/\\\/e-keme.com\\\/#\\\/schema\\\/logo\\\/image\\\/\"}}]}<\/script>\n<!-- \/ Yoast SEO plugin. -->","yoast_head_json":{"title":"Privacy Policy - Ekeme","robots":{"index":"index","follow":"follow","max-snippet":"max-snippet:-1","max-image-preview":"max-image-preview:large","max-video-preview":"max-video-preview:-1"},"canonical":"https:\/\/e-keme.com\/aviso-de-privacidad\/","og_locale":"en_US","og_type":"article","og_title":"Privacy Policy - Ekeme","og_description":"Privacy Policy In compliance with the provisions of the Federal Law on the Protection of Personal Data Held by Private Parties, through this privacy policy E-KEME Servicios y Transformaciones, Sociedad An\u00f3nima de Capital Variable, informs the treatment that it will give to your personal data. Identity and Address of the Responsible. E-KEME Servicios y Transformaciones, [&hellip;]","og_url":"https:\/\/e-keme.com\/aviso-de-privacidad\/","og_site_name":"Ekeme","article_modified_time":"2022-10-18T19:22:37+00:00","twitter_card":"summary_large_image","twitter_misc":{"Est. reading time":"4 minutes"},"schema":{"@context":"https:\/\/schema.org","@graph":[{"@type":"WebPage","@id":"https:\/\/e-keme.com\/aviso-de-privacidad\/","url":"https:\/\/e-keme.com\/aviso-de-privacidad\/","name":"Privacy Policy - Ekeme","isPartOf":{"@id":"https:\/\/e-keme.com\/#website"},"datePublished":"2022-10-18T02:32:58+00:00","dateModified":"2022-10-18T19:22:37+00:00","breadcrumb":{"@id":"https:\/\/e-keme.com\/aviso-de-privacidad\/#breadcrumb"},"inLanguage":"en-US","potentialAction":[{"@type":"ReadAction","target":["https:\/\/e-keme.com\/aviso-de-privacidad\/"]}]},{"@type":"BreadcrumbList","@id":"https:\/\/e-keme.com\/aviso-de-privacidad\/#breadcrumb","itemListElement":[{"@type":"ListItem","position":1,"name":"Portada","item":"https:\/\/e-keme.com\/en\/"},{"@type":"ListItem","position":2,"name":"Privacy Policy"}]},{"@type":"WebSite","@id":"https:\/\/e-keme.com\/#website","url":"https:\/\/e-keme.com\/","name":"Ekeme","description":"Otro sitio realizado con WordPress","publisher":{"@id":"https:\/\/e-keme.com\/#organization"},"potentialAction":[{"@type":"SearchAction","target":{"@type":"EntryPoint","urlTemplate":"https:\/\/e-keme.com\/?s={search_term_string}"},"query-input":{"@type":"PropertyValueSpecification","valueRequired":true,"valueName":"search_term_string"}}],"inLanguage":"en-US"},{"@type":"Organization","@id":"https:\/\/e-keme.com\/#organization","name":"Ekeme","url":"https:\/\/e-keme.com\/","logo":{"@type":"ImageObject","inLanguage":"en-US","@id":"https:\/\/e-keme.com\/#\/schema\/logo\/image\/","url":"https:\/\/e-keme.com\/wp-content\/uploads\/2019\/09\/logo-ekeme.png","contentUrl":"https:\/\/e-keme.com\/wp-content\/uploads\/2019\/09\/logo-ekeme.png","width":1000,"height":256,"caption":"Ekeme"},"image":{"@id":"https:\/\/e-keme.com\/#\/schema\/logo\/image\/"}}]}},"_links":{"self":[{"href":"https:\/\/e-keme.com\/en\/wp-json\/wp\/v2\/pages\/538","targetHints":{"allow":["GET"]}}],"collection":[{"href":"https:\/\/e-keme.com\/en\/wp-json\/wp\/v2\/pages"}],"about":[{"href":"https:\/\/e-keme.com\/en\/wp-json\/wp\/v2\/types\/page"}],"author":[{"embeddable":true,"href":"https:\/\/e-keme.com\/en\/wp-json\/wp\/v2\/users\/2"}],"replies":[{"embeddable":true,"href":"https:\/\/e-keme.com\/en\/wp-json\/wp\/v2\/comments?post=538"}],"version-history":[{"count":4,"href":"https:\/\/e-keme.com\/en\/wp-json\/wp\/v2\/pages\/538\/revisions"}],"predecessor-version":[{"id":545,"href":"https:\/\/e-keme.com\/en\/wp-json\/wp\/v2\/pages\/538\/revisions\/545"}],"wp:attachment":[{"href":"https:\/\/e-keme.com\/en\/wp-json\/wp\/v2\/media?parent=538"}],"curies":[{"name":"wp","href":"https:\/\/api.w.org\/{rel}","templated":true}]}}